{"id":8,"date":"2024-07-05T12:20:11","date_gmt":"2024-07-05T12:20:11","guid":{"rendered":"https:\/\/messebusse.de\/?page_id=8"},"modified":"2024-10-16T19:57:33","modified_gmt":"2024-10-16T19:57:33","slug":"willkommen","status":"publish","type":"page","link":"https:\/\/messebusse.de\/","title":{"rendered":"flexible, on time and safe."},"content":{"rendered":"\n<div class=\"wp-block-media-text is-stacked-on-mobile\"><figure class=\"wp-block-media-text__media\"><img loading=\"lazy\" decoding=\"async\" width=\"620\" height=\"340\" src=\"https:\/\/messebusse.de\/wp-content\/uploads\/2024\/09\/messeservice.jpg\" alt=\"\" class=\"wp-image-45 size-full\" srcset=\"https:\/\/messebusse.de\/wp-content\/uploads\/2024\/09\/messeservice.jpg 620w, https:\/\/messebusse.de\/wp-content\/uploads\/2024\/09\/messeservice-300x165.jpg 300w\" sizes=\"auto, (max-width: 620px) 100vw, 620px\" \/><\/figure><div class=\"wp-block-media-text__content\">\n<p>Eine unserer gro\u00dfen St\u00e4rken ist die<strong> Personenbef\u00f6rderung<\/strong> <strong>bei Gro\u00dfveranstaltungen<\/strong> und speziell die <strong>Bef\u00f6rderung von Besuchern und Ausstellern auf Messen<\/strong> im Raum D\u00fcsseldorf und Essen.<\/p>\n\n\n\n<p>Wir sehen unsere Kompetenz und Aufgabe in der Planung sowie Gew\u00e4hrleistung des reibungslosen Fahrdienstes sowohl w\u00e4hrend Ihrer Veranstaltungen als auch davor und danach.<\/p>\n<\/div><\/div>\n\n\n\n<p><\/p>\n","protected":false},"excerpt":{"rendered":"<p>Eine unserer gro\u00dfen St\u00e4rken ist die Personenbef\u00f6rderung bei Gro\u00dfveranstaltungen und speziell die Bef\u00f6rderung von Besuchern und Ausstellern auf Messen im Raum D\u00fcsseldorf und Essen. Wir sehen unsere Kompetenz und Aufgabe &#8230;<\/p>\n","protected":false},"author":1,"featured_media":70,"parent":0,"menu_order":0,"comment_status":"closed","ping_status":"closed","template":"template-frontpage.php","meta":{"footnotes":""},"class_list":["post-8","page","type-page","status-publish","has-post-thumbnail","hentry"],"_links":{"self":[{"href":"https:\/\/messebusse.de\/index.php\/wp-json\/wp\/v2\/pages\/8","targetHints":{"allow":["GET"]}}],"collection":[{"href":"https:\/\/messebusse.de\/index.php\/wp-json\/wp\/v2\/pages"}],"about":[{"href":"https:\/\/messebusse.de\/index.php\/wp-json\/wp\/v2\/types\/page"}],"author":[{"embeddable":true,"href":"https:\/\/messebusse.de\/index.php\/wp-json\/wp\/v2\/users\/1"}],"replies":[{"embeddable":true,"href":"https:\/\/messebusse.de\/index.php\/wp-json\/wp\/v2\/comments?post=8"}],"version-history":[{"count":10,"href":"https:\/\/messebusse.de\/index.php\/wp-json\/wp\/v2\/pages\/8\/revisions"}],"predecessor-version":[{"id":79,"href":"https:\/\/messebusse.de\/index.php\/wp-json\/wp\/v2\/pages\/8\/revisions\/79"}],"wp:featuredmedia":[{"embeddable":true,"href":"https:\/\/messebusse.de\/index.php\/wp-json\/wp\/v2\/media\/70"}],"wp:attachment":[{"href":"https:\/\/messebusse.de\/index.php\/wp-json\/wp\/v2\/media?parent=8"}],"curies":[{"name":"wp","href":"https:\/\/api.w.org\/{rel}","templated":true}]}}