{"id":164,"date":"2024-10-19T11:15:52","date_gmt":"2024-10-19T11:15:52","guid":{"rendered":"https:\/\/messebusse.de\/?page_id=164"},"modified":"2024-10-19T11:58:21","modified_gmt":"2024-10-19T11:58:21","slug":"mobile-messewerbung","status":"publish","type":"page","link":"https:\/\/messebusse.de\/index.php\/mobile-messewerbung\/","title":{"rendered":"Mobile Messewerbung"},"content":{"rendered":"\n<div class=\"wp-block-media-text is-stacked-on-mobile is-image-fill-element\"><figure  class=\"wp-block-media-text__media\"><img loading=\"lazy\" decoding=\"async\" width=\"620\" height=\"340\" alt=\"\" src=\"https:\/\/messebusse.de\/wp-content\/uploads\/2024\/10\/messewerbung-2.jpg\" style=\"object-position:47% 54%;\" class=\"wp-image-173 size-full\" srcset=\"https:\/\/messebusse.de\/wp-content\/uploads\/2024\/10\/messewerbung-2.jpg 620w, https:\/\/messebusse.de\/wp-content\/uploads\/2024\/10\/messewerbung-2-300x165.jpg 300w\" sizes=\"auto, (max-width: 620px) 100vw, 620px\" \/><\/figure><div class=\"wp-block-media-text__content\">\n<p>Die Bef\u00f6rderung von Besuchern auf Messen und Gro\u00dfveranstaltungen bietet Ihnen als Werbetreibender die M\u00f6glichkeit, Ihre potentielle Kundschaft w\u00e4hrend des Aufenthaltes mehrfach mit einem Werbemittel in Kontakt zu bringen und steigert Ihre Sichtbarkeit somit um ein Vielfaches.<\/p>\n<\/div><\/div>\n\n\n\n<div style=\"height:100px\" aria-hidden=\"true\" class=\"wp-block-spacer\"><\/div>\n\n\n\n<h2 class=\"wp-block-heading\">Au\u00dfenwerbung am Bus &#8211; Werden Sie zum Hingucker<\/h2>\n\n\n\n<p><\/p>\n","protected":false},"excerpt":{"rendered":"<p>Mit Werbemitteln an und in unseren Fahrzeugen generieren Sie mehrfach Kontakte zu jedem bef\u00f6rderten Besucher<\/p>\n","protected":false},"author":1,"featured_media":173,"parent":0,"menu_order":0,"comment_status":"closed","ping_status":"closed","template":"","meta":{"footnotes":""},"class_list":["post-164","page","type-page","status-publish","has-post-thumbnail","hentry"],"_links":{"self":[{"href":"https:\/\/messebusse.de\/index.php\/wp-json\/wp\/v2\/pages\/164","targetHints":{"allow":["GET"]}}],"collection":[{"href":"https:\/\/messebusse.de\/index.php\/wp-json\/wp\/v2\/pages"}],"about":[{"href":"https:\/\/messebusse.de\/index.php\/wp-json\/wp\/v2\/types\/page"}],"author":[{"embeddable":true,"href":"https:\/\/messebusse.de\/index.php\/wp-json\/wp\/v2\/users\/1"}],"replies":[{"embeddable":true,"href":"https:\/\/messebusse.de\/index.php\/wp-json\/wp\/v2\/comments?post=164"}],"version-history":[{"count":4,"href":"https:\/\/messebusse.de\/index.php\/wp-json\/wp\/v2\/pages\/164\/revisions"}],"predecessor-version":[{"id":174,"href":"https:\/\/messebusse.de\/index.php\/wp-json\/wp\/v2\/pages\/164\/revisions\/174"}],"wp:featuredmedia":[{"embeddable":true,"href":"https:\/\/messebusse.de\/index.php\/wp-json\/wp\/v2\/media\/173"}],"wp:attachment":[{"href":"https:\/\/messebusse.de\/index.php\/wp-json\/wp\/v2\/media?parent=164"}],"curies":[{"name":"wp","href":"https:\/\/api.w.org\/{rel}","templated":true}]}}